{"id":808,"date":"2014-07-01T20:13:54","date_gmt":"2014-07-01T20:13:54","guid":{"rendered":"https:\/\/greenlandicpopularmusic.com\/gl\/?page_id=808"},"modified":"2014-07-02T08:32:45","modified_gmt":"2014-07-02T08:32:45","slug":"naqitat-najoqqutarineqartut","status":"publish","type":"page","link":"https:\/\/greenlandicpopularmusic.com\/gl\/naqitat-najoqqutarineqartut\/","title":{"rendered":"Naqitat najoqqutarineqartut"},"content":{"rendered":"<p>Andersen, Iben og Otte, Andreas. Popul\u00e6rmusik fra Nuuk &#8211; Forhandling og konstruktion af identitet i popul\u00e6rmusikscenen i Nuuk. K\u00f8benhavn: Afdeling for Musikvidenskab, K\u00f8benhavns Universitet. 2010. Speciale.<\/p>\n<p>Bj\u00f8rst, Lill Rastad. Fra Polka til Popstars.<em> Tidsskriftet Gr\u00f8nland <\/em>52 (1-2):11-20, 2004.<\/p>\n<p>Berthelsen, Per. <em>Sume \u2013 en gr\u00f8nlandsk rocklegende<\/em>, Nuuk: Milik Publishing, 2010.<\/p>\n<p>Gr\u00f8nnow, Bjarne. De \u00e6ldste trommer fundet p\u00e5 Gr\u00f8nland. Videnskab.dk, 2012. <a href=\"http:\/\/videnskab.dk\/kultur-samfund\/de-aeldste-trommer-fundet-pa-gronland\" target=\"_blank\">http:\/\/videnskab.dk\/kultur-samfund\/de-aeldste-trommer-fundet-pa-gronland<\/a><\/p>\n<p>Hauser, Michael. <em>Traditional Greenlandic music<\/em>, K\u00f8benhavn: Kragen\/ULO, 1992.<\/p>\n<p>Johansen, Brian A. Musikken i Gr\u00f8nland &#8211; Hvorfra, hvorhen? Aalborg Universitet. 1991. Speciale.<\/p>\n<p>Johansen, Brian A. Tr\u00e6k af den gr\u00f8nlandske musikforskning.<em> Tidsskriftet Gr\u00f8nland<\/em> 54 (3-4):149-156, 2006.<\/p>\n<p>Langg\u00e5rd, Karen. Litteraturen er folkets \u00f8jne, \u00f8rer og mund. I: <em>Gr\u00f8nl\u00e6nder og global<\/em>, Nuuk: Ilisimatusarfik, 2004, s. 95-162.<\/p>\n<p>Langg\u00e5rd, Karen. Greenlandic Literature from Colonial Times to Self-Government. I: <em>From Oral Tradition to Rap<\/em>, redigeret af Karen Langg\u00e5rd &amp; Kirsten Thisted, Nuuk:Ilisimatusarfik\/Forlaget Atuagkat, 2011, s. 119-188.<\/p>\n<p>Langg\u00e5rd, Per. Gr\u00f8nlandsk litteratur i 70&#8217;erne og 80&#8217;erne.<em> Nordica<\/em> 7:15-37, 1990.<\/p>\n<p>Larsen, Camilla Darling. Gr\u00f8nlandske stemmer. \u00c5rhus: Afdeling for Musikvidenskab, \u00c5rhus Universitet. 1997. Speciale.<\/p>\n<p>Larsen, Finn Breinholt. Regler og konfliktbearbejdningsmetoder hos de gr\u00f8nlandske eskimoer i den f\u00f8rkoloniale periode. Institut for Statskundskab, \u00c5rhus Universitet. 1982. Speciale.<\/p>\n<p>Lynge, Birgit. <em>Rytmisk musik i Gr\u00f8nland<\/em>, \u00c5rhus: Publimus, 1981.<\/p>\n<p>Massey, Doreen. En global fornemmelse for sted. I: <em>Sted<\/em>, (Ed.) Anne-Marie Mai and Dan Ringgaard, Aarhus: Aarhus Universitetsforlag, 2010 (1991), s. 129-147.<\/p>\n<p>Otte, Andreas. Popul\u00e6rmusik fra Nuuk &#8211; Alternativer til en essensbaseret gr\u00f8nlandsk identitet.<em> Tidsskriftet Gr\u00f8nland<\/em> 60 (1):52-61, 2012.<\/p>\n<p>Petersen, H. C. og Hauser, Michael. <em>Kalaallit inngerutinik atuinerat, Trommesang-traditionen i Gr\u00f8nland, The drum song tradition in Greenland<\/em>, Nuuk: Forlaget Atuagkat, 2012.<\/p>\n<p>Ringsted, Poul. Dands er gr\u00f8nl\u00e6ndernes kj\u00e6reste forlystelse: En artikel om den gr\u00f8nlandske folkedans &#8211; kalattuut.<em>Tidsskriftet Gr\u00f8nland<\/em> 45 (2):37-92, 1997.<\/p>\n","protected":false},"excerpt":{"rendered":"<p>Andersen, Iben og Otte, Andreas. Popul\u00e6rmusik fra Nuuk &#8211; Forhandling og konstruktion af identitet i popul\u00e6rmusikscenen i Nuuk. K\u00f8benhavn: Afdeling for Musikvidenskab, K\u00f8benhavns Universitet. 2010. Speciale. Bj\u00f8rst, Lill Rastad. Fra Polka til Popstars. Tidsskriftet Gr\u00f8nland 52 (1-2):11-20, 2004. Berthelsen, Per. Sume \u2013 en gr\u00f8nlandsk rocklegende, Nuuk: Milik Publishing, 2010. Gr\u00f8nnow, Bjarne. De \u00e6ldste trommer fundet [&hellip;]<\/p>\n","protected":false},"author":2,"featured_media":0,"parent":0,"menu_order":0,"comment_status":"open","ping_status":"open","template":"","meta":[],"_links":{"self":[{"href":"https:\/\/greenlandicpopularmusic.com\/gl\/wp-json\/wp\/v2\/pages\/808"}],"collection":[{"href":"https:\/\/greenlandicpopularmusic.com\/gl\/wp-json\/wp\/v2\/pages"}],"about":[{"href":"https:\/\/greenlandicpopularmusic.com\/gl\/wp-json\/wp\/v2\/types\/page"}],"author":[{"embeddable":true,"href":"https:\/\/greenlandicpopularmusic.com\/gl\/wp-json\/wp\/v2\/users\/2"}],"replies":[{"embeddable":true,"href":"https:\/\/greenlandicpopularmusic.com\/gl\/wp-json\/wp\/v2\/comments?post=808"}],"version-history":[{"count":3,"href":"https:\/\/greenlandicpopularmusic.com\/gl\/wp-json\/wp\/v2\/pages\/808\/revisions"}],"predecessor-version":[{"id":833,"href":"https:\/\/greenlandicpopularmusic.com\/gl\/wp-json\/wp\/v2\/pages\/808\/revisions\/833"}],"wp:attachment":[{"href":"https:\/\/greenlandicpopularmusic.com\/gl\/wp-json\/wp\/v2\/media?parent=808"}],"curies":[{"name":"wp","href":"https:\/\/api.w.org\/{rel}","templated":true}]}}