{"id":853,"date":"2015-10-21T09:13:16","date_gmt":"2015-10-21T09:13:16","guid":{"rendered":"https:\/\/greenlandicpopularmusic.com\/en\/?page_id=853"},"modified":"2017-04-05T14:57:43","modified_gmt":"2017-04-05T14:57:43","slug":"andreas-otte","status":"publish","type":"page","link":"https:\/\/greenlandicpopularmusic.com\/en\/andreas-otte\/","title":{"rendered":"Andreas Otte"},"content":{"rendered":"<p><a href=\"https:\/\/greenlandicpopularmusic.com\/en\/wp-content\/uploads\/sites\/2\/2015\/10\/Julie-og-Andreas-Otte.jpg\"><img loading=\"lazy\" class=\"alignleft wp-image-854\" src=\"https:\/\/greenlandicpopularmusic.com\/en\/wp-content\/uploads\/sites\/2\/2015\/10\/Julie-og-Andreas-Otte.jpg\" alt=\"Julie og Andreas Otte\" width=\"228\" height=\"305\" srcset=\"https:\/\/greenlandicpopularmusic.com\/en\/wp-content\/uploads\/sites\/2\/2015\/10\/Julie-og-Andreas-Otte.jpg 423w, https:\/\/greenlandicpopularmusic.com\/en\/wp-content\/uploads\/sites\/2\/2015\/10\/Julie-og-Andreas-Otte-225x300.jpg 225w\" sizes=\"(max-width: 228px) 100vw, 228px\" \/><\/a>Andreas Otte is an assistant professor at Department for Learning, University of Greenland, where he teaches music. He gives lectures and do consultant work within the topics: Greenlandic music, globalization and nationalism. He also works as a musician, producer and writer. Andreas Otte earned his doctoral degree from the University of Copenhagen in 2014. His dissertation is entitled &#8220;Popular music from Greenland &#8211; Globalization, nationalism and performance of place&#8221;.<\/p>\n<p><strong>CV<\/strong><\/p>\n<p>2016 &#8211; : Assistant professor at Department for Learning, Ilisimatusarfik (University of Greenland).<\/p>\n<p>2011 &#8211; : Bass player in the band Nanook.<\/p>\n<p>2008 &#8211; : Owner of the recording studio and publishing company GAGA-Productions.<\/p>\n<p>2014 &#8211; : Secretary in the Danish National Committee for ICTM (International Council for Traditional Music).<\/p>\n<p>2013 &#8211; : Participant in the research project \u201dDenmark and the New North Atlantic\u201d. http:\/\/thenewnorthatlantic.com<\/p>\n<p>2015: Associate Professor at Department of Musicology, University of Copenhagen.<\/p>\n<p>2014-2015: Music teacher at CPH-West (STX).<\/p>\n<p>2012: Guest lecturer at Ilisimatusarfik (University of Greenland), Department for Language, Literature and Media.<\/p>\n<p>2010: Earned his Master\u2019s Degree in Musicology, University of Copenhagen. Otte\u2019s co-authored Master\u2019s Thesis is entitled \u201cPopul\u00e6rmusik fra Nuuk\u201d (\u201dPopular music from Nuuk\u201d).<\/p>\n<p>2009 &#8211; 2010: Bass and keyboard player for singer Nina Kreutzmann J\u00f8rgensen.<\/p>\n<p>2009: Teacher at the Nuuk School of Music.<\/p>\n<p>2005 \u2013 2006: Student at the University of California, Riverside Campus.<\/p>\n<p>2003 \u2013 2007: Studied and graduated from Ish\u00f8j MGK (Conservatory Preparation Course) majoring in electric bass.<\/p>\n<p><strong>Publications<\/strong><\/p>\n<p>Funkadelic Light Orchestra Band. 2005. \u201cLeft somewhat puzzled?\u201d Copenhagen: GAGA-Productions.<\/p>\n<p>Minor Place. 2015. &#8220;Minor Place&#8221;. Copenhagen: GAGA-Productions.<\/p>\n<p>Nanook. 2014. \u201dPissaaneqaqisut.\u201d Nuuk: Atlantic Music.<\/p>\n<p>Nanook. 2013. \u201cNanook.\u201d Copenhagen: Mermaid Records.<\/p>\n<p>Otte, Andreas. 2015. \u201cNuuk underground &#8211; Musical change and cosmopolitan nationalism in Greenland.\u201d Popular Music, 34, 113-133.<\/p>\n<p>Otte, Andreas. 2014. \u201cPopular music from Greenland &#8211; Globalization, nationalism and performance of place.\u201d Ph.D.-Thesis, University of Copenhagen.<\/p>\n<p>Otte, Andreas. 2013. \u201dThe music in Greenland and Greenland in the music \u2013 Globalization and performance of place\u201d. www.greenlandicpopularmusic.com.<\/p>\n<p>Otte, Andreas. 2013. \u201cPolar Bears, Eskimos, and Indie Music &#8211; Using Greenland and the Arctic as a co-brand for popular music.\u201d I Modernization and heritage: How to combine the two in Inuit societies, edited by Karen Langg\u00e5rd and Kenneth Pedersen, 130-150. Nuuk: Ilisimatusarfik\/Forlaget Atuagkat.<\/p>\n<p>Otte, Andreas. 2013. &#8220;Flyfrisk og Flyskr\u00e6k &#8211; Den store gr\u00f8nlandsturn\u00e9&#8221; (tour diary from Greenland). Copenhagen: GAGA-Productions.<\/p>\n<p>Otte, Andreas. 2012. \u201dPopul\u00e6rmusik fra Nuuk &#8211; Alternativer til en essensbaseret gr\u00f8nlandsk identitet\u201d (\u201dPopularmusic from Nuuk \u2013 Alternatives to an essentialistic Greenlandic identity\u201d). Tidsskriftet Gr\u00f8nland 60(1): 52-61.<\/p>\n<p>Otte, Andreas. 2011. \u201dN\u00e5r Gr\u00f8nland flytter ind i Tivoli\u201d (\u201dWhen Greenland overtakes Tivoli\u201d). Sermitsiaq 36, d. 10. september: 57.<\/p>\n<p>Otte, Andreas. 2011. &#8220;Hobitter med voksev\u00e6rk &#8211; En koncertoplevelse med Small Time Giants&#8221; (\u201dHobbits with growing pains \u2013 A concert experience with Small Time Giants\u201d). Sermitsiaq, februar 2011.<\/p>\n<p>Otte, Andreas. 2011. www.greenlandicpopularmusic.com<\/p>\n<p>Andersen, Iben and Andreas Otte. 2010. \u201dPopul\u00e6rmusik fra Nuuk &#8211; Forhandling og konstruktion af identitet i popul\u00e6rmusikscenen i Nuuk\u201d (\u201dPopular music from Nuuk \u2013 Negotiating and constructing identity in the popular music scene in Nuuk\u201d). Master\u2019s Thesis, University of Copenhagen.<\/p>\n","protected":false},"excerpt":{"rendered":"<p>Andreas Otte is an assistant professor at Department for Learning, University of Greenland, where he teaches music. He gives lectures and do consultant work within the topics: Greenlandic music, globalization and nationalism. He also works as a musician, producer and writer. Andreas Otte earned his doctoral degree from the University of Copenhagen in 2014. His [&hellip;]<\/p>\n","protected":false},"author":2,"featured_media":0,"parent":0,"menu_order":0,"comment_status":"open","ping_status":"open","template":"","meta":[],"_links":{"self":[{"href":"https:\/\/greenlandicpopularmusic.com\/en\/wp-json\/wp\/v2\/pages\/853"}],"collection":[{"href":"https:\/\/greenlandicpopularmusic.com\/en\/wp-json\/wp\/v2\/pages"}],"about":[{"href":"https:\/\/greenlandicpopularmusic.com\/en\/wp-json\/wp\/v2\/types\/page"}],"author":[{"embeddable":true,"href":"https:\/\/greenlandicpopularmusic.com\/en\/wp-json\/wp\/v2\/users\/2"}],"replies":[{"embeddable":true,"href":"https:\/\/greenlandicpopularmusic.com\/en\/wp-json\/wp\/v2\/comments?post=853"}],"version-history":[{"count":10,"href":"https:\/\/greenlandicpopularmusic.com\/en\/wp-json\/wp\/v2\/pages\/853\/revisions"}],"predecessor-version":[{"id":979,"href":"https:\/\/greenlandicpopularmusic.com\/en\/wp-json\/wp\/v2\/pages\/853\/revisions\/979"}],"wp:attachment":[{"href":"https:\/\/greenlandicpopularmusic.com\/en\/wp-json\/wp\/v2\/media?parent=853"}],"curies":[{"name":"wp","href":"https:\/\/api.w.org\/{rel}","templated":true}]}}