{"id":82,"date":"2011-11-02T14:18:36","date_gmt":"2011-11-02T14:18:36","guid":{"rendered":"https:\/\/greenlandicpopularmusic.com\/en\/?page_id=82"},"modified":"2013-01-03T15:25:25","modified_gmt":"2013-01-03T15:25:25","slug":"nina","status":"publish","type":"page","link":"https:\/\/greenlandicpopularmusic.com\/en\/nina\/","title":{"rendered":"Nina"},"content":{"rendered":"<p><a href=\"https:\/\/greenlandicpopularmusic.com\/en\/wp-content\/uploads\/2011\/11\/nina.jpg\"><img loading=\"lazy\" class=\"alignleft size-medium wp-image-115\" title=\"nina\" src=\"https:\/\/greenlandicpopularmusic.com\/en\/wp-content\/uploads\/2011\/11\/nina-271x300.jpg\" alt=\"\" width=\"271\" height=\"300\" srcset=\"https:\/\/greenlandicpopularmusic.com\/en\/wp-content\/uploads\/sites\/2\/2011\/11\/nina-271x300.jpg 271w, https:\/\/greenlandicpopularmusic.com\/en\/wp-content\/uploads\/sites\/2\/2011\/11\/nina-927x1024.jpg 927w, https:\/\/greenlandicpopularmusic.com\/en\/wp-content\/uploads\/sites\/2\/2011\/11\/nina.jpg 1036w\" sizes=\"(max-width: 271px) 100vw, 271px\" \/><\/a><\/p>\n<p><a href=\"https:\/\/greenlandicpopularmusic.com\/en\/wp-content\/uploads\/2011\/11\/Dk-flag.png\"><img loading=\"lazy\" class=\"size-full wp-image-112 alignleft\" title=\"Dk flag\" src=\"https:\/\/greenlandicpopularmusic.com\/en\/wp-content\/uploads\/2011\/11\/Dk-flag.png\" alt=\"\" width=\"41\" height=\"25\" \/><\/a><\/p>\n<p>Nina Kreutzmann J\u00f8rgensen er f\u00f8dt i 1977 i Nuuk<a title=\"\" href=\"https:\/\/greenlandicpopularmusic.com\/en\/wp-admin\/post.php?post=82&amp;action=edit#_ftn1\">[1]<\/a>. I en tidlig alder blev hun en kendt sangerinde i Gr\u00f8nland, og hun er fortsat en af Gr\u00f8nlands mest popul\u00e6re sangerinder. I bladet \u201dgreenland today\u201d blev hun i 2009 omtalt som Gr\u00f8nlands Rock Mama<a title=\"\" href=\"https:\/\/greenlandicpopularmusic.com\/en\/wp-admin\/post.php?post=82&amp;action=edit#_ftn2\">[2]<\/a>. Nina arbejder til hverdag som l\u00e6rer p\u00e5 Nuuk Internationale Friskole. Hun er gift med Malik Olsen, der er uddannet produktionsingeni\u00f8r fra Ingeni\u00f8rh\u00f8jskolen i K\u00f8benhavn, og som spiller guitar og synger<a title=\"\" href=\"https:\/\/greenlandicpopularmusic.com\/en\/wp-admin\/post.php?post=82&amp;action=edit#_ftn3\">[3]<\/a>. Nina og Malik m\u00f8dte hinanden, mens Nina gik p\u00e5 gymnasiet i Nuuk, hvor de ogs\u00e5 m\u00f8dte sangerinden Julie Berthelsen. Sammen med Ninas ven fra folkeskolen Nuka V. Petersen dannede de fire en sanggruppe bakket op af Malik p\u00e5 akustisk guitar. Gruppen fik aldrig rigtig et navn, men sang engelske og gr\u00f8nlandske klassikere flerstemmigt ved forskellige lejligheder<a title=\"\" href=\"https:\/\/greenlandicpopularmusic.com\/en\/wp-admin\/post.php?post=82&amp;action=edit#_ftn4\">[4]<\/a>. I 1998 begyndte gruppen p\u00e5 en live indspilning sammen med Ole Kristiansen Band. Indspilningen var en slags musical af teatergruppen Silamiut (\u201d<em>Folk der bor udenfor<\/em>\u201d)<a title=\"\" href=\"https:\/\/greenlandicpopularmusic.com\/en\/wp-admin\/post.php?post=82&amp;action=edit#_ftn5\">[5]<\/a>, baseret p\u00e5 sange skrevet af forskellige gr\u00f8nlandske musikere, og udgivelsen fik navnet \u201dSarsuasut\u201d (\u201d<em>De forbipasserende<\/em>\u201d). Udgivelsen blev en succes med efterf\u00f8lgende tourn\u00e9 i Gr\u00f8nland, samt koncerter i Island og Danmark<a title=\"\" href=\"https:\/\/greenlandicpopularmusic.com\/en\/wp-admin\/post.php?post=82&amp;action=edit#_ftn6\">[6]<\/a>.<\/p>\n<p>Fra 1995 indspillede Nina desuden musik i forskellige sammenh\u00e6nge ofte i selskab med Julie. F.eks. deltog de p\u00e5 b\u00f8rne-cd\u2019en \u201dArnajaraq\u201d i 1997, og de indspillede musik for partiet Siumut <em>(Fremad<\/em>)<em>.<\/em> Senere indspillede Nina ogs\u00e5 musik for partiet Atassut (<em>Samh\u00f8righed<\/em>). Desuden sang Nina og Julie kor for nogle af de \u00e6ldre grupper, f.eks. Qarsoq <em>(Pilen),<\/em> Nuutit (\u201d<em>Noder<\/em>\u201d) og G-60, som alle er kendte\u00a0grupper i\u00a0Gr\u00f8nland<a title=\"\" href=\"https:\/\/greenlandicpopularmusic.com\/en\/wp-admin\/post.php?post=82&amp;action=edit#_ftn7\">[7]<\/a>.<\/p>\n<p>I 1997 udkom gruppen Qulleq (\u201d<em>Lys\/tranlampe<\/em>\u201d) med deres f\u00f8rste egentlige album \u201dQulleq ilissinnut\u201d (\u201d<em>Qulleq til jer<\/em>\u201d) p\u00e5 Melos Records med Nina som forsanger. Pladen var baseret p\u00e5 sange skrevet af guitaristen Peter M\u00f8ller-Lynge. Qulleq med Nina i front blev en meget popul\u00e6r gruppe i Gr\u00f8nland. Nina medvirkede i alt p\u00e5 3 albums med gruppen, som havde skiftende forsangere efter Ninas exit.<\/p>\n<p>I sommeren \u00e5r 2000 var Nina til audition hos den islandske sangerinde Bj\u00f6rk, som \u00f8nskede at have et gr\u00f8nlandsk kor med p\u00e5 sin \u201dVespertine\u201d tour. Nina blev optaget i koret og fik en kort solo i showet, som var p\u00e5 verdensturne i 2001<a title=\"\" href=\"https:\/\/greenlandicpopularmusic.com\/en\/wp-admin\/post.php?post=82&amp;action=edit#_ftn10\">[10]<\/a>.<\/p>\n<p>2001 var ogs\u00e5 \u00e5ret, hvor albummet \u201dZedna\u201d blev indspillet. Cd\u2019en var sammensat af sange sunget af nogle af Gr\u00f8nlands mest popul\u00e6re sangerinder, hvilket bl.a. inkluderede Nina og Julie<a title=\"\" href=\"https:\/\/greenlandicpopularmusic.com\/en\/wp-admin\/post.php?post=82&amp;action=edit#_ftn11\">[11]<\/a>.<\/p>\n<p>I 2003 begyndte Nina at arbejde p\u00e5 en soloplade i samarbejde med Atlantic Music, men graviditeter og uenigheder om forholdene omkring indspilningen gjorde, at pladen f\u00f8rst blev f\u00e6rdig i maj 2008 efter indspilning og samarbejde med Mik S. Christensen i Atlantic Music&#8217;s studie i Danmark<a title=\"\" href=\"https:\/\/greenlandicpopularmusic.com\/en\/wp-admin\/post.php?post=82&amp;action=edit#_ftn12\">[12]<\/a>. Cd\u2019en indeholder numre skrevet af Kaali Olsen, Siiva Fleischer og andre kendte sangskrivere, men ogs\u00e5 Nina, Malik og Julie har bidraget med numre p\u00e5 solopladen \u201dEqqissineq\u201d <em>(&#8220;Ro<\/em>&#8220;).<\/p>\n<p>I 2009\u00a0solgte \u201dEqqissineq\u201d guld i Gr\u00f8nland\u00a0(6.500 eksemplarer)<a title=\"\" href=\"https:\/\/greenlandicpopularmusic.com\/en\/wp-admin\/post.php?post=82&amp;action=edit#_ftn13\">[13]<\/a>.<\/p>\n<div><br clear=\"all\" \/><\/p>\n<hr align=\"left\" size=\"1\" width=\"33%\" \/>\n<div>\n<p><a title=\"\" href=\"https:\/\/greenlandicpopularmusic.com\/en\/wp-admin\/post.php?post=82&amp;action=edit#_ftnref1\">[1]<\/a> Greenland today no. 6, \u201cGr\u00f8nlands Rock Mama\u201d, 2006, s. 6<\/p>\n<\/div>\n<div>\n<p><a title=\"\" href=\"https:\/\/greenlandicpopularmusic.com\/en\/wp-admin\/post.php?post=82&amp;action=edit#_ftnref2\">[2]<\/a> Greenland today no. 6, \u201cGr\u00f8nlands Rock Mama\u201d, 2006, s. 6<\/p>\n<\/div>\n<div>\n<p><a title=\"\" href=\"https:\/\/greenlandicpopularmusic.com\/en\/wp-admin\/post.php?post=82&amp;action=edit#_ftnref3\">[3]<\/a> Interview med Nina og Malik, d. 08.06.09, s. 1<\/p>\n<\/div>\n<div>\n<p><a title=\"\" href=\"https:\/\/greenlandicpopularmusic.com\/en\/wp-admin\/post.php?post=82&amp;action=edit#_ftnref4\">[4]<\/a> Interview med Nina og Malik, d. 08.06.09, s. 11<\/p>\n<\/div>\n<div>\n<p><a title=\"\" href=\"https:\/\/greenlandicpopularmusic.com\/en\/wp-admin\/post.php?post=82&amp;action=edit#_ftnref5\">[5]<\/a> Bj\u00f8rst,\u00a01999, s. 14<\/p>\n<\/div>\n<div>\n<p><a title=\"\" href=\"https:\/\/greenlandicpopularmusic.com\/en\/wp-admin\/post.php?post=82&amp;action=edit#_ftnref6\">[6]<\/a> Interview med Nina og Malik, d. 08.06.09, s. 14<\/p>\n<\/div>\n<div>\n<p><a title=\"\" href=\"https:\/\/greenlandicpopularmusic.com\/en\/wp-admin\/post.php?post=82&amp;action=edit#_ftnref7\">[7]<\/a> Interview med Nina og Malik, d. 08.06.09, s. 17<\/p>\n<\/div>\n<div>\n<p><a title=\"\" href=\"https:\/\/greenlandicpopularmusic.com\/en\/wp-admin\/post.php?post=82&amp;action=edit#_ftnref8\">[8]<\/a> <a href=\"http:\/\/www.taseralik.gl\/content\/dk\/om_taseralik\/nyheder\/qulleq\">http:\/\/www.taseralik.gl\/content\/dk\/om_taseralik\/nyheder\/qulleq<\/a>, 10.10.09<\/p>\n<\/div>\n<div>\n<p><a title=\"\" href=\"https:\/\/greenlandicpopularmusic.com\/en\/wp-admin\/post.php?post=82&amp;action=edit#_ftnref9\">[9]<\/a> Mail-korrespondance med Christian Elsner 02.11.09<\/p>\n<\/div>\n<div>\n<p><a title=\"\" href=\"https:\/\/greenlandicpopularmusic.com\/en\/wp-admin\/post.php?post=82&amp;action=edit#_ftnref10\">[10]<\/a> Interview med Nina og Malik, d. 08.06.09, s. 20<\/p>\n<\/div>\n<div>\n<p><a title=\"\" href=\"https:\/\/greenlandicpopularmusic.com\/en\/wp-admin\/post.php?post=82&amp;action=edit#_ftnref11\">[11]<\/a> <a href=\"http:\/\/atlanticmusicshop.gl\/cd\/melos_records\/zedna_diverse_kunstnere_209_da.html\">http:\/\/atlanticmusicshop.gl\/cd\/melos_records\/zedna_diverse_kunstnere_209_da.html<\/a>, 10.10.09<\/p>\n<\/div>\n<div>\n<p><a title=\"\" href=\"https:\/\/greenlandicpopularmusic.com\/en\/wp-admin\/post.php?post=82&amp;action=edit#_ftnref12\">[12]<\/a> Interview med Nina og Malik, d. 08.06.09, s. 29<\/p>\n<\/div>\n<div>\n<p><a title=\"\" href=\"https:\/\/greenlandicpopularmusic.com\/en\/wp-admin\/post.php?post=82&amp;action=edit#_ftnref13\">[13]<\/a> Noahsen, Hans Jukku, \u201dGuld Koncert\u201d, AG, d. 02.04.09<\/p>\n<\/div>\n<\/div>\n","protected":false},"excerpt":{"rendered":"<p>Nina Kreutzmann J\u00f8rgensen er f\u00f8dt i 1977 i Nuuk[1]. I en tidlig alder blev hun en kendt sangerinde i Gr\u00f8nland, og hun er fortsat en af Gr\u00f8nlands mest popul\u00e6re sangerinder. I bladet \u201dgreenland today\u201d blev hun i 2009 omtalt som Gr\u00f8nlands Rock Mama[2]. Nina arbejder til hverdag som l\u00e6rer p\u00e5 Nuuk Internationale Friskole. Hun er [&hellip;]<\/p>\n","protected":false},"author":2,"featured_media":0,"parent":0,"menu_order":0,"comment_status":"open","ping_status":"open","template":"","meta":[],"_links":{"self":[{"href":"https:\/\/greenlandicpopularmusic.com\/en\/wp-json\/wp\/v2\/pages\/82"}],"collection":[{"href":"https:\/\/greenlandicpopularmusic.com\/en\/wp-json\/wp\/v2\/pages"}],"about":[{"href":"https:\/\/greenlandicpopularmusic.com\/en\/wp-json\/wp\/v2\/types\/page"}],"author":[{"embeddable":true,"href":"https:\/\/greenlandicpopularmusic.com\/en\/wp-json\/wp\/v2\/users\/2"}],"replies":[{"embeddable":true,"href":"https:\/\/greenlandicpopularmusic.com\/en\/wp-json\/wp\/v2\/comments?post=82"}],"version-history":[{"count":11,"href":"https:\/\/greenlandicpopularmusic.com\/en\/wp-json\/wp\/v2\/pages\/82\/revisions"}],"predecessor-version":[{"id":109,"href":"https:\/\/greenlandicpopularmusic.com\/en\/wp-json\/wp\/v2\/pages\/82\/revisions\/109"}],"wp:attachment":[{"href":"https:\/\/greenlandicpopularmusic.com\/en\/wp-json\/wp\/v2\/media?parent=82"}],"curies":[{"name":"wp","href":"https:\/\/api.w.org\/{rel}","templated":true}]}}