{"id":279,"date":"2011-12-14T12:18:51","date_gmt":"2011-12-14T12:18:51","guid":{"rendered":"https:\/\/greenlandicpopularmusic.com\/en\/?page_id=279"},"modified":"2013-10-08T08:53:43","modified_gmt":"2013-10-08T08:53:43","slug":"kimmernaq","status":"publish","type":"page","link":"https:\/\/greenlandicpopularmusic.com\/en\/kimmernaq\/","title":{"rendered":"Kimmernaq"},"content":{"rendered":"<p><a href=\"https:\/\/greenlandicpopularmusic.com\/en\/wp-content\/uploads\/2011\/12\/Kimmernaq.jpg\"><img loading=\"lazy\" class=\"alignleft size-medium wp-image-280\" title=\"Kimmernaq\" alt=\"\" src=\"https:\/\/greenlandicpopularmusic.com\/en\/wp-content\/uploads\/2011\/12\/Kimmernaq-222x300.jpg\" width=\"222\" height=\"300\" srcset=\"https:\/\/greenlandicpopularmusic.com\/en\/wp-content\/uploads\/sites\/2\/2011\/12\/Kimmernaq-222x300.jpg 222w, https:\/\/greenlandicpopularmusic.com\/en\/wp-content\/uploads\/sites\/2\/2011\/12\/Kimmernaq-761x1024.jpg 761w, https:\/\/greenlandicpopularmusic.com\/en\/wp-content\/uploads\/sites\/2\/2011\/12\/Kimmernaq.jpg 1902w\" sizes=\"(max-width: 222px) 100vw, 222px\" \/><\/a><a href=\"https:\/\/greenlandicpopularmusic.com\/en\/wp-content\/uploads\/2011\/11\/Dk-flag.png\"><img loading=\"lazy\" class=\"alignleft size-thumbnail wp-image-112\" title=\"Dk flag\" alt=\"\" src=\"https:\/\/greenlandicpopularmusic.com\/en\/wp-content\/uploads\/2011\/11\/Dk-flag-150x150.png\" width=\"39\" height=\"27\" \/><\/a>Kimmernaq Kjeldsen er fra Aasiaat, hvor hun er vokset op med en gr\u00f8nlandsk mor og en dansk far. Hendes far gik p\u00e5 konservatoriet i \u00c5rhus, indtil han m\u00f8dte Kimmernaqs mor og flyttede med hende til Gr\u00f8nland. Derfor har Kimmernaq haft musik t\u00e6t inde p\u00e5 livet siden hun var lille. Alligevel l\u00e5 det ikke i kortende, at Kimmernaq skulle blive en af Gr\u00f8nlands bedst s\u00e6lgende kunstnere, da hun i \u00e5r 2000, efter at have afsluttet GU i Aasiaat, flyttede til Nuuk, hvor hun var blevet ansat som stewardesse hos Air Greenland. Efter at have arbejdet som stewardesse i tre \u00e5r flyttede hun til Danmark og begyndte p\u00e5 RUC, men hun forlod uddannelsen efter et par m\u00e5neder og begyndte i stedet p\u00e5 en uddannelse som guldsmed samtidig med at hun genoptog sit arbejde som stewardesse. Efter endt forl\u00f8b p\u00e5 teknisk skole, \u00e5bnede hun et guldsmedev\u00e6rksted ved Sankt Hans Torv sammen med nogle medstuderende.<\/p>\n<p>Mens Kimmernaq boede i K\u00f8benhavn, spurgte hendes barndomsveninde <a title=\"Pilu Lynge\" href=\"https:\/\/greenlandicpopularmusic.com\/en\/pilu-lynge\/\">Pilu (Pilunnguaq) Lynge<\/a>, om Kimmernaq ville synge nogle af Pilu Lynges sange, der skulle indspilles i Atlantic Musics studie i Danmark, som dengang l\u00e5 i K\u00f8benhavns Nordvest kvarter.<\/p>\n<p>Samarbejdet imellem Kimmernaq, Pilu Lynge og Atlantic Music\u2019s producer Mik S. Christensen, resulterede i albummet \u201dTunissut\u201d (\u201dGaven\u201d), som udkom i 2006. Albummet indeholdte ti numre, med gr\u00f8nlandske tekster og metaforer som omhandler lokale temaer. P\u00e5 under to m\u00e5neder solgte albummet til en s\u00f8lvplade og cd&#8217;en har i skrivende stund solgt over 7000 eksemplarer. Pilu Lynge modtog \u00c5rets Pris til KODA\u2019s prisuddeling i Gr\u00f8nland samme \u00e5r, med den begrundelse at hun: \u201d\u2026 med sine flotte kulturelle sangtekster har genfundet gr\u00f8nlandsk kulturarv\u201d.<a title=\"\" href=\"#_ftn1\">[1]<\/a><\/p>\n<p>Efter udgivelsen af \u201dTunissut\u201d turnerede Kimmernaq i Gr\u00f8nland og Danmark og hun levede i noget tid af at v\u00e6re musiker, hvilket er us\u00e6dvanligt i Gr\u00f8nland. Hun spillede i f\u00f8rste omgang med et backing-band som havde base i K\u00f8benhavn, best\u00e5ende af personer med tilknytning til Gr\u00f8nland. Disse var Hans Rosenberg p\u00e5 trommer, Jens Simonsen p\u00e5 bas, Jes Berthelsen p\u00e5 el-guitar og Stefan Johansson p\u00e5 akustisk guitar. Senere gik Kimmernaq over til at bruge DiskoBay Blues som backing-band.<\/p>\n<p>I 2008 flyttede Kimmernaq tilbage til Nuuk, hvor hun igen begyndte at arbejde som stewardesse for Air Greenland. Hun har siden gjort sig bem\u00e6rket som konferencier til flere forskellige arrangementer i Gr\u00f8nland og Danmark. Bl.a. optr\u00e5dte hun og var konferencier sammen med sin k\u00e6reste Mike Fencker Thomsen til Ice Cool Rock, som var et politisk musikarrangement i november 2008 arrangeret af ja-siden i forbindelse med valget til Selvstyre. Kimmernaq brugte ogs\u00e5 sin popularitet politisk i forbindelse med landstingsvalget i juni 2009. Her sang hun IA\u2019s valgsang \u201dAtaqatigiinneq\u201d (\u201dSammenhold\u201d), sammen med Mike Fencker Thomsen og musikeren Hans Jukku Noahsen.<\/p>\n<p>I 2013 udkom Kimmernaq&#8217;s andet album &#8220;Uani&#8221; (&#8220;Her&#8221;) igen p\u00e5 Atlantic Music. Denne gang var albummets musik og tekster skrevet af Frederik Elsner med et enkelt bidrag fra Christian Elsner (Nanook m.fl.). Frederik Elsner var ogs\u00e5 medproducer p\u00e5 albummet sammen med Mik S. Christensen. Ligesom p\u00e5 albummet &#8220;Tunissut&#8221; kredser teksterne p\u00e5 &#8220;Uani&#8221; om nationalromantiske temaer som naturen, fortiden og forf\u00e6drene. Gr\u00f8nlandsk mytologi spiller ogs\u00e5 en rolle, f.eks. i form af et kriblende nummer om den onde \u00e5nd &#8220;Ikusimiaq&#8221; (&#8220;Albue-kravleren&#8221;). P\u00e5 nummeret &#8220;Sunaana anguniarpiuk?&#8221; (&#8220;Hvad \u00f8nsker du at opn\u00e5?&#8221;), bliver temaet &#8216;utroskab&#8217; behandlet i teksten, hvilket ikke er et af de g\u00e6ngse temaer i gr\u00f8nlandsk popul\u00e6rmusik.<\/p>\n<hr align=\"left\" size=\"1\" width=\"33%\" \/>\n<div>\n<div>\n<p><a title=\"\" href=\"#_ftnref1\">[1]<\/a> KNR Nyheder d. 11.11.06<\/p>\n<p>Denne artikel er baseret p\u00e5 et interview med Kimmernaq Kjeldsen d. 20.02.2009<\/p>\n<\/div>\n<\/div>\n","protected":false},"excerpt":{"rendered":"<p>Kimmernaq Kjeldsen er fra Aasiaat, hvor hun er vokset op med en gr\u00f8nlandsk mor og en dansk far. Hendes far gik p\u00e5 konservatoriet i \u00c5rhus, indtil han m\u00f8dte Kimmernaqs mor og flyttede med hende til Gr\u00f8nland. Derfor har Kimmernaq haft musik t\u00e6t inde p\u00e5 livet siden hun var lille. Alligevel l\u00e5 det ikke i kortende, [&hellip;]<\/p>\n","protected":false},"author":2,"featured_media":0,"parent":0,"menu_order":0,"comment_status":"open","ping_status":"open","template":"","meta":[],"_links":{"self":[{"href":"https:\/\/greenlandicpopularmusic.com\/en\/wp-json\/wp\/v2\/pages\/279"}],"collection":[{"href":"https:\/\/greenlandicpopularmusic.com\/en\/wp-json\/wp\/v2\/pages"}],"about":[{"href":"https:\/\/greenlandicpopularmusic.com\/en\/wp-json\/wp\/v2\/types\/page"}],"author":[{"embeddable":true,"href":"https:\/\/greenlandicpopularmusic.com\/en\/wp-json\/wp\/v2\/users\/2"}],"replies":[{"embeddable":true,"href":"https:\/\/greenlandicpopularmusic.com\/en\/wp-json\/wp\/v2\/comments?post=279"}],"version-history":[{"count":7,"href":"https:\/\/greenlandicpopularmusic.com\/en\/wp-json\/wp\/v2\/pages\/279\/revisions"}],"predecessor-version":[{"id":567,"href":"https:\/\/greenlandicpopularmusic.com\/en\/wp-json\/wp\/v2\/pages\/279\/revisions\/567"}],"wp:attachment":[{"href":"https:\/\/greenlandicpopularmusic.com\/en\/wp-json\/wp\/v2\/media?parent=279"}],"curies":[{"name":"wp","href":"https:\/\/api.w.org\/{rel}","templated":true}]}}