{"id":267,"date":"2011-12-06T13:10:39","date_gmt":"2011-12-06T13:10:39","guid":{"rendered":"https:\/\/greenlandicpopularmusic.com\/en\/?page_id=267"},"modified":"2012-11-21T09:15:24","modified_gmt":"2012-11-21T09:15:24","slug":"nive-nielsen-and-the-deer-children","status":"publish","type":"page","link":"https:\/\/greenlandicpopularmusic.com\/en\/nive-nielsen-and-the-deer-children\/","title":{"rendered":"Nive Nielsen and the Deer Children"},"content":{"rendered":"<p><a href=\"https:\/\/greenlandicpopularmusic.com\/en\/wp-content\/uploads\/2011\/12\/Nive-Nielsen-and-the-Deer-Children-2.jpg\"><img loading=\"lazy\" class=\"alignleft size-medium wp-image-269\" title=\"Nive Nielsen and the Deer Children (2)\" src=\"https:\/\/greenlandicpopularmusic.com\/en\/wp-content\/uploads\/2011\/12\/Nive-Nielsen-and-the-Deer-Children-2-300x225.jpg\" alt=\"\" width=\"405\" height=\"304\" srcset=\"https:\/\/greenlandicpopularmusic.com\/en\/wp-content\/uploads\/sites\/2\/2011\/12\/Nive-Nielsen-and-the-Deer-Children-2-300x225.jpg 300w, https:\/\/greenlandicpopularmusic.com\/en\/wp-content\/uploads\/sites\/2\/2011\/12\/Nive-Nielsen-and-the-Deer-Children-2-1024x768.jpg 1024w\" sizes=\"(max-width: 405px) 100vw, 405px\" \/><\/a>San<a href=\"https:\/\/greenlandicpopularmusic.com\/en\/wp-content\/uploads\/2011\/11\/Dk-flag.png\"><img loading=\"lazy\" class=\"alignleft size-thumbnail wp-image-112\" title=\"Dk flag\" src=\"https:\/\/greenlandicpopularmusic.com\/en\/wp-content\/uploads\/2011\/11\/Dk-flag-150x150.png\" alt=\"\" width=\"47\" height=\"31\" \/><\/a>gerinden Nive Nielsen er f\u00f8dt og opvokset i Nuuk. Hun blev f\u00f8rst aktiv som musiker efter hun som voksen m\u00f8dte Jan de Vroede til en fest i Nuuk. Jan de Vroede er oprindeligt fra Belgien hvor han er uddannet indenfor Musikvidenskab. Efter at have studeret i Belgien og senere i Tyskland, flyttede han til Nuuk, hvor han bl.a. spillede keyboard for Chilly Friday. Senere begyndt han at arbejde for NAPA og han har desuden komponeret musik til den f\u00f8rste gr\u00f8nlandsk producerede spillefilm \u201dNuumioq\u201d (\u201dFra Nuuk\u201d).<\/p>\n<p>Nive Nielsen har en master i Visuel Antropologi og valgte at studere i Ottawa i Canada og senere i London. Til trods for afstanden dannede hun par med Jan de Vroede, som blev boende i Nuuk mens hun studerede. Under et bes\u00f8g i Ottawa for\u00e6rede han hende en lyser\u00f8d ukulele, og den blev med tiden et af kendetegnende ved parrets f\u00e6lles band Nive Nielsen &amp; the Deer Children. The Deer Children d\u00e6kker over en stor gruppe musikere fra mange forskellige steder i verden, som deltager i bandet i det omfang det kan lade sig g\u00f8re, og Nive Nielsen og Jan de Vrode danner derfor den faste kerne i musikkollektivet.<\/p>\n<p>I 2009 udgav Nivi Nielsen &amp; the Deer Children albummet \u201dNive Sings!\u201d, som best\u00e5r af tolv engelske og tre gr\u00f8nlandske sange. Sangene handler om alt fra Jan de Vroedes kaffevaner, til insektdrab med en st\u00f8vsuger, og som temaerne antyder er mange af teksterne humoristiske. Alvorlige temaer som k\u00e6rlighed og afsavn bliver dog ogs\u00e5 behandlet p\u00e5 udgivelsen. Cd\u2019en er udgivet p\u00e5 selskabet Tuttu Recordings, som er parrets eget selskab oprettet til lejligheden, og musikken bliver distribueret i Gr\u00f8nland af Atlantic Music. En EP med numre fra albummet kan desuden k\u00f8bes p\u00e5 iTunes.<\/p>\n<p>\u201dNive Sings!\u201d blev indspillet rundt omkring i Europa og Nordamerika, og p\u00e5 cd\u2019ens deltagerliste findes et par internationalt kendt navne, blandt andet John Parish, som er en af producerne bag albummet.<\/p>\n<p>Allerede inden udgivelsen af \u201dNive Sings!\u201d tournerede Nive Nielsen &amp; the Deer Children i Europa og Nordamerika. Bandet har siden da spillet mange prestigefyldte koncerter rundt omkring i verden og har vakt en del opsigt internationalt, og i 2010 vandt nummeret \u201dPirate Song\u201d publikumsprisen ved USA\u2019s st\u00f8rste sangskriverkonkurrence \u201dIndependent Music Awards\u201d.<\/p>\n<p>&#8220;Nive Sings!&#8221; skiller sig p\u00e5 mange m\u00e5der ud i forhold til andre gr\u00f8nlandske udgivelser. Der er desuden i h\u00f8j grad gjort brug af bl\u00e6seinstrumenter og kontrabas p\u00e5 udgivelsen, hvilket ikke er den g\u00e6ngse instrumentering indenfor gr\u00f8nlandsk popul\u00e6rmusik. Alligevel har gruppen opn\u00e5et en anseelig popularitet i Gr\u00f8nland, selvom deres prim\u00e6re publikum er i udlandet.<\/p>\n<p>Nive Nielsen er en af de f\u00e5 gr\u00f8nlandske kunstnere, som har opn\u00e5et at spille til Roskilde Festival, hvilket hun gjorde sammen med sit band i 2011, samme \u00e5r underskrev Nive Nielsen and the Deer Children en pladekontrakt med det tyske pladeselskab Glitterhouse, med henblik p\u00e5 international udgivelse af &#8220;Nive Sings!&#8221; og gruppens kommende album.<\/p>\n<p><strong>Links:<\/strong><\/p>\n<p>&#8220;Room&#8221; video: <a href=\"https:\/\/www.youtube.com\/watch?v=VClGYQvDg7A\" target=\"_blank\">https:\/\/www.youtube.com\/watch?v=VClGYQvDg7A<\/a><\/p>\n<p>&#8220;Good for you&#8221; video: <a href=\"http:\/\/www.youtube.com\/watch?v=MNZ4vFV0Rd0\" target=\"_blank\">http:\/\/www.youtube.com\/watch?v=MNZ4vFV0Rd0<\/a><\/p>\n","protected":false},"excerpt":{"rendered":"<p>Sangerinden Nive Nielsen er f\u00f8dt og opvokset i Nuuk. Hun blev f\u00f8rst aktiv som musiker efter hun som voksen m\u00f8dte Jan de Vroede til en fest i Nuuk. Jan de Vroede er oprindeligt fra Belgien hvor han er uddannet indenfor Musikvidenskab. Efter at have studeret i Belgien og senere i Tyskland, flyttede han til Nuuk, [&hellip;]<\/p>\n","protected":false},"author":2,"featured_media":0,"parent":0,"menu_order":0,"comment_status":"open","ping_status":"open","template":"","meta":[],"_links":{"self":[{"href":"https:\/\/greenlandicpopularmusic.com\/en\/wp-json\/wp\/v2\/pages\/267"}],"collection":[{"href":"https:\/\/greenlandicpopularmusic.com\/en\/wp-json\/wp\/v2\/pages"}],"about":[{"href":"https:\/\/greenlandicpopularmusic.com\/en\/wp-json\/wp\/v2\/types\/page"}],"author":[{"embeddable":true,"href":"https:\/\/greenlandicpopularmusic.com\/en\/wp-json\/wp\/v2\/users\/2"}],"replies":[{"embeddable":true,"href":"https:\/\/greenlandicpopularmusic.com\/en\/wp-json\/wp\/v2\/comments?post=267"}],"version-history":[{"count":6,"href":"https:\/\/greenlandicpopularmusic.com\/en\/wp-json\/wp\/v2\/pages\/267\/revisions"}],"predecessor-version":[{"id":442,"href":"https:\/\/greenlandicpopularmusic.com\/en\/wp-json\/wp\/v2\/pages\/267\/revisions\/442"}],"wp:attachment":[{"href":"https:\/\/greenlandicpopularmusic.com\/en\/wp-json\/wp\/v2\/media?parent=267"}],"curies":[{"name":"wp","href":"https:\/\/api.w.org\/{rel}","templated":true}]}}