{"id":195,"date":"2011-11-08T06:32:39","date_gmt":"2011-11-08T06:32:39","guid":{"rendered":"https:\/\/greenlandicpopularmusic.com\/en\/?page_id=195"},"modified":"2011-11-08T06:37:25","modified_gmt":"2011-11-08T06:37:25","slug":"sonnet","status":"publish","type":"page","link":"https:\/\/greenlandicpopularmusic.com\/en\/sonnet\/","title":{"rendered":"Sonnet"},"content":{"rendered":"<p><a href=\"https:\/\/greenlandicpopularmusic.com\/en\/wp-content\/uploads\/2011\/11\/Dk-flag.png\"><img loading=\"lazy\" class=\"alignleft size-thumbnail wp-image-112\" title=\"Dk flag\" src=\"https:\/\/greenlandicpopularmusic.com\/en\/wp-content\/uploads\/2011\/11\/Dk-flag-150x150.png\" alt=\"\" width=\"44\" height=\"26\" \/><\/a>Sonnet var et Nuuk baseret band, som var aktivt fra 2002 til 2008 og bestod af kernemedlemmerne Pilu Gr\u00f8nvold, Kristine Thomsen, Mikael Mortensen og Anders Berthelsen. Gruppen blev dannet af guitarist og sangskriver Pilu Gr\u00f8nvold, efter at han var begyndt at skrive sange og indspille dem sammen med sin dav\u00e6rende k\u00e6reste Kristine Thomsen som sanger. P\u00e5 det tidspunkt gik Pilu Gr\u00f8nvold p\u00e5 IT-administratoruddannelsen p\u00e5 handelsskolen i Nuuk, og gennem en medstuderende m\u00f8dte han Anders Berthelsen, som tidligere havde v\u00e6ret trommeslager i Mechanics In Ini.<\/p>\n<p>Da Anders Berthelsen h\u00f8rte Pilu Gr\u00f8nvold og Kristine Thomsens indspilninger, opstod ideen om at starte et band. Anders Berthelsen, der er uddannet anstaltsbetjent, kendte i forvejen Pilu Gr\u00f8nvolds medstuderende Mikael Mortensen, fra f\u00e6lles bekendtskaber, og vidste at Mikael Mortensen spillede guitar, men han kom med i Sonnet som bassist.<\/p>\n<p>I 2005 deltog Sonnet i en talentkonkurrencen Nipi (<em>Lyd<\/em>). Konkurrencen blev afholdt p\u00e5 Godth\u00e5b Bryghus, og pr\u00e6mien var en pladekontrakt med pladeselskabet Atlantic Music. Gruppen spillede tre engelske numre til konkurrencen og blev valgt som vindere af et dommerpanel, som bestod af to til lejligheden indhentede danske musikfolk og Ejvind Elsner fra Atlantic Music. Dermed fik Sonnet en kontrakt med Atlantic Music, p\u00e5 at indspille et album. Resultatet blev cd\u2019en \u201dUnnuaru\u201d (\u201dI<em> nat<\/em>\u201d), som indeholder seks gr\u00f8nlandske og fire engelske numre. Under udarbejdelsen af albummet, opfordrede Ejvind Elsner gruppen til at indspille flere gr\u00f8nlandske numre, end de egentlig oprindeligt havde t\u00e6nkt sig, fordi Atlantic Music har haft bedst erfaringer med gr\u00f8nlandssprogede udgivelser. Til trods for dette, var det et par af de engelske numre, som blev spillet mest p\u00e5 radioen efter udgivelsen. Anders Berthelsen producerede desuden en musikvideo til nummeret \u201dTracing the Sun\u201d, som kom i rotation p\u00e5 KNR.<\/p>\n<p>Gruppen betegnede selv deres musik som \u201dBritpop blandet med gr\u00f8nlandske sange\u201d og AG\u2019s begejstrede anmelder kaldte gruppen for \u201dEn del af genereationsskiftet\u201d. Alligevel solgte \u201dUnnuaru\u201d kun omkring tusinde cd\u2019er og kunne derfor ikke betegnes som en\u00a0kommerciel succes. Bandet fik til geng\u00e6ld positive henvendelser fra Mexico, U.S.A., Canada og Danmark, fra personer som, igennem Myspace og andre musikhjemmesider, havde h\u00f8rt musikken.\u00a0\u00a0\u00a0<\/p>\n<p>Samme \u00e5r som \u201dUnnuaru\u201d blev udgivet, gik Pilu Gr\u00f8nvold og Kristine Thomsen fra hinanden og selvom det ikke umiddelbart f\u00f8rste til at Sonnet blev opl\u00f8st, blev bandets eksistens kompliceret, da Kristine Thomsen flyttede til Ilulissat. Sonnet spillede bandets forel\u00f8bigt sidste koncert i 2008. I 2010 dannede Pilu Gr\u00f8nvold bandet \u200eQaammataasat (Satelliter), som i 2011 udgav albummet &#8220;Sinnattut&#8221; (&#8220;<em>Dr\u00f8mme<\/em>&#8220;) p\u00e5 Atlantic Music.<\/p>\n<p><strong>Links: <\/strong><\/p>\n<p>Video &#8220;Tracing the sun&#8221;: <a href=\"http:\/\/www.youtube.com\/watch?v=1CHEcNb4U_U\">http:\/\/www.youtube.com\/watch?v=1CHEcNb4U_U<\/a><\/p>\n","protected":false},"excerpt":{"rendered":"<p>Sonnet var et Nuuk baseret band, som var aktivt fra 2002 til 2008 og bestod af kernemedlemmerne Pilu Gr\u00f8nvold, Kristine Thomsen, Mikael Mortensen og Anders Berthelsen. Gruppen blev dannet af guitarist og sangskriver Pilu Gr\u00f8nvold, efter at han var begyndt at skrive sange og indspille dem sammen med sin dav\u00e6rende k\u00e6reste Kristine Thomsen som sanger. [&hellip;]<\/p>\n","protected":false},"author":2,"featured_media":0,"parent":0,"menu_order":0,"comment_status":"open","ping_status":"open","template":"","meta":[],"_links":{"self":[{"href":"https:\/\/greenlandicpopularmusic.com\/en\/wp-json\/wp\/v2\/pages\/195"}],"collection":[{"href":"https:\/\/greenlandicpopularmusic.com\/en\/wp-json\/wp\/v2\/pages"}],"about":[{"href":"https:\/\/greenlandicpopularmusic.com\/en\/wp-json\/wp\/v2\/types\/page"}],"author":[{"embeddable":true,"href":"https:\/\/greenlandicpopularmusic.com\/en\/wp-json\/wp\/v2\/users\/2"}],"replies":[{"embeddable":true,"href":"https:\/\/greenlandicpopularmusic.com\/en\/wp-json\/wp\/v2\/comments?post=195"}],"version-history":[{"count":3,"href":"https:\/\/greenlandicpopularmusic.com\/en\/wp-json\/wp\/v2\/pages\/195\/revisions"}],"predecessor-version":[{"id":199,"href":"https:\/\/greenlandicpopularmusic.com\/en\/wp-json\/wp\/v2\/pages\/195\/revisions\/199"}],"wp:attachment":[{"href":"https:\/\/greenlandicpopularmusic.com\/en\/wp-json\/wp\/v2\/media?parent=195"}],"curies":[{"name":"wp","href":"https:\/\/api.w.org\/{rel}","templated":true}]}}