{"id":186,"date":"2011-11-07T14:14:43","date_gmt":"2011-11-07T14:14:43","guid":{"rendered":"https:\/\/greenlandicpopularmusic.com\/en\/?page_id=186"},"modified":"2012-02-14T16:24:35","modified_gmt":"2012-02-14T16:24:35","slug":"julie","status":"publish","type":"page","link":"https:\/\/greenlandicpopularmusic.com\/en\/julie\/","title":{"rendered":"Julie"},"content":{"rendered":"<p><a href=\"https:\/\/greenlandicpopularmusic.com\/en\/wp-content\/uploads\/2011\/11\/Julie1.jpg\"><img loading=\"lazy\" class=\"alignleft size-medium wp-image-193\" title=\"Julie\" src=\"https:\/\/greenlandicpopularmusic.com\/en\/wp-content\/uploads\/2011\/11\/Julie1-139x300.jpg\" alt=\"\" width=\"139\" height=\"300\" srcset=\"https:\/\/greenlandicpopularmusic.com\/en\/wp-content\/uploads\/sites\/2\/2011\/11\/Julie1-139x300.jpg 139w, https:\/\/greenlandicpopularmusic.com\/en\/wp-content\/uploads\/sites\/2\/2011\/11\/Julie1-474x1024.jpg 474w, https:\/\/greenlandicpopularmusic.com\/en\/wp-content\/uploads\/sites\/2\/2011\/11\/Julie1.jpg 733w\" sizes=\"(max-width: 139px) 100vw, 139px\" \/><\/a><a href=\"https:\/\/greenlandicpopularmusic.com\/en\/wp-content\/uploads\/2011\/11\/Dk-flag.png\"><img loading=\"lazy\" class=\"alignleft size-thumbnail wp-image-112\" title=\"Dk flag\" src=\"https:\/\/greenlandicpopularmusic.com\/en\/wp-content\/uploads\/2011\/11\/Dk-flag-150x150.png\" alt=\"\" width=\"42\" height=\"28\" \/><\/a><\/p>\n<p>Julie Berthelsen er en af de f\u00e5 gr\u00f8nlandske sangere, som har form\u00e5et at skabe sig en karriere udenfor Gr\u00f8nland. Hun brugte TV2\u2019s talentshow Popstars som springbr\u00e6t til denne karriere og dette kan selvf\u00f8lgelig ses som en genvej, men det skal samtidig n\u00e6vnes at det er uhyre sj\u00e6ldent at musikere som deltager i denne type konkurrencer opn\u00e5r en l\u00e6ngerevarende musikkarriere efterf\u00f8lgende. Julie har form\u00e5et at leve som professionel sangerinde siden 2002, og i skrivende stund, hvor hun ikke s\u00e6lger cd\u2019er i samme omfang som tidligere, har hun gjort sig bem\u00e6rket som film- og tv-skuespillerinde samt som tv-v\u00e6rtinde i Danmark og Gr\u00f8nland.<\/p>\n<p>Julie er f\u00f8dt i \u00c5rhus i 1979, men er opvokset i Nuuk sammen med sin mor, s\u00f8ster og bonusfaderen Per Berthelsen. Han er kendt som; den ene forsanger i nationalklenodiet Sume (Hvor?), som stifter af partiet Demokraatit (Demokraterne) og som politiker for partiet Siumut (Fremad).<\/p>\n<p>Julies musikkarriere begyndte allerede at tage form da hun gik p\u00e5 gymnasiet i Nuuk. Her m\u00f8dte hun sangerinden Nina Kreutzmann J\u00f8rgensen og sammen indspillede de b\u00f8rne-cd\u2019en \u201dArnajarak\u201d. S\u00e5ledes begyndte de to sangerinder et samarbejde og venskab, som har haft v\u00e6sentlig betydning for den gr\u00f8nlandske popul\u00e6rmusikscene.<\/p>\n<p>I gymnasietiden dannede Nina og Julie et band sammen med Ninas kommende mand Malik Olsen og Julies dav\u00e6rende k\u00e6reste Nuka V. Berthelsen. Gruppen deltog\u00a0i 1998 i teatergruppen Silamiuts musical \u201dSarsuasut\u201d (\u201dDe forbipasserende\u201d). Musikken til stykket var skrevet af forskellige gr\u00f8nlandske sangskrivere og blev spillet at Ole Kristiansen Band. Numrene blev efterf\u00f8lgende udgivet p\u00e5 et album som blev en kommerciel succes og nummeret \u201dQamani\u201d (\u201dDerinde\u201d red. i hjertet), som Julie synger p\u00e5 cd\u2019en, blev en klassiker indenfor gr\u00f8nlandsk popul\u00e6rmusik. Efter udgivelsen af \u201dSarsuasut\u201d, var gruppen p\u00e5 tourn\u00e9 i Gr\u00f8nland, Island og Danmark med medlemmerne af bandet Mechanics In Ini som backing-band.<\/p>\n<p>I 1999 flyttede Julie og Nuka til Danmark for at studere, men \u00e5ret efter var Julie og Nina igen album-aktuelle sammen med nogle af Gr\u00f8nlands \u00f8vrige kendte sangerinder med udgivelsen \u201dZedna\u201d (\u201dHavets Moder\u201d). Sangene p\u00e5 cd\u2019en var skrevet af Isak M\u00f8ller og det var Melos Records som stod for udgivelsen. \u201dZedna\u201d blev en stor succes med et salg p\u00e5 over 8000 eksemplarer, hvilket er en sj\u00e6ldenhed i Gr\u00f8nland.<\/p>\n<p>I\u00a02002 gik Julie til audition p\u00e5 TV2\u2032s talentshow Popstars, hvor hun\u00a0n\u00e5ede helt frem til konkurrencens finale\u00a0men\u00a0kom p\u00e5 andenpladsen. Jon N\u00f8rgaard gik med f\u00f8rstepladsen og alt hvad det indebar, men i \u00e5rende efter var det Julie som havde skred i karrieren. Efter Popstars udgav hun albummene \u201dHome\u201d i 2003 og \u201dJulie\u201d i 2004. Is\u00e6r hendes f\u00f8rste album \u201dHome\u201d solgte rigtig godt og hendes andet album \u201dJulie\u201d form\u00e5ede at vinde hende tre priser \u201d\u00c5rets danske sangerinde\u201d, \u201c\u00c5rets nye danske navn, og \u201c\u00c5rets danske pop udgivelse\u201d til Danish Music Awards i 2004. I 2008 udgav Julie albummet \u201dAsasara\u201d (\u201dMin elskede\u201d). Trods den gr\u00f8nlandske titel var albummet prim\u00e6rt p\u00e5 engelsk, men Julie og hendes far Per Berthelsen havde sammen skrevet det Gr\u00f8nlandske titelnummer som optr\u00e6der diskret til sidst p\u00e5 albummet. Tendensen til et faldende cd-salg efter eksponeringen i Popstars fortsatte dog ved \u201dAsasara\u201d og ved 2009 udspillet\u00a0\u201dLige Nu\u201d hvor sangene prim\u00e6rt\u00a0var p\u00e5 dansk.<\/p>\n<p>I for\u00e5ret 2010 stillede Julie igen op til en musikkonkurrence p\u00e5 tv. Denne gang var det TV2\u2019s lidt mere stilf\u00e6rdige Allstars konkurrence, hvor fire kor fra fire forskellige byer stillede op for at dyste om 250.000 kr. til et velg\u00f8rende form\u00e5l. Julie stillede op for Nuuk og Gr\u00f8nland med et kor best\u00e5ende af gr\u00f8nl\u00e6ndere og personer med tilknytning til Gr\u00f8nland. Hun skulle bruge to solister til sit kor. Allerede inden der blev afholdt auditions havde Julie spurgt Nina, om hun ikke ville dukke op. Nina takkede i f\u00f8rste omgang nej, men da Julie sad i Katuaq (Gr\u00f8nlands kulturhus) og lyttede til de fremm\u00f8dte dukkede Nina alligevel op. Sammen med Mads Lumholt, som i en \u00e5rr\u00e6kke har dirigeret Aavaat koret, kom Nina til at danne fortrop i Julies Allstars kor.<\/p>\n<p>Allstars 2010 rullede f\u00f8rste gang henover sk\u00e6rmen i april m\u00e5ned og allerede fra f\u00f8rste program var det tydeligt at Julies kor stod st\u00e6rkt i konkurrencen. Dette indtryk blev der ikke rokket ved gennem programserien, og Julies kor gik af med sejren efter at have vist en overbevisende musik- og scenepr\u00e6station som bestod af en blanding af gr\u00f8nlandsk, dansk og global kultur.<\/p>\n<p>Julie spildte ikke tiden efter Allstars sejren, men var allerede ude med et nyt album med titlen \u201dCloser\u201d i september 2010. Som albumtitlen antydede var der lagt op til en intim stemning p\u00e5 numrene der bestod af en blanding af engelske, danske og gr\u00f8nlandske sange. De fleste af numrene var kendte i forvejen, enten fra Julies tidligere udgivelser eller fra papfaderen Per Berthelsens bagkatalog af kendte og elskede gr\u00f8nlandske numre. Der blev dog ogs\u00e5 plads til et par nye numre p\u00e5 udgivelsen som prim\u00e6rt var instrumenteret med et simpelt akustisk set-up uden trommer. Nina og Mads Lumholt var blandt de g\u00e6steoptr\u00e6dende og Julie var selv med til at producere albummet.<\/p>\n<p><strong>Links:<\/strong><\/p>\n<p>&#8220;Shout&#8221; video: <a href=\"http:\/\/www.youtube.com\/watch?v=k5Txosc03Ao\" target=\"_blank\">http:\/\/www.youtube.com\/watch?v=k5Txosc03Ao<\/a><\/p>\n<p>&#8220;Completely Fallen&#8221; video: <a href=\"http:\/\/www.youtube.com\/watch?v=DCWNzsxd_ew\" target=\"_blank\">http:\/\/www.youtube.com\/watch?v=DCWNzsxd_ew<\/a><\/p>\n<p>&#8220;Curtain Call&#8221; video featuring Brian Rice: <a href=\"http:\/\/www.youtube.com\/watch?v=gbTc2gBc0uY\" target=\"_blank\">http:\/\/www.youtube.com\/watch?v=gbTc2gBc0uY<\/a><\/p>\n","protected":false},"excerpt":{"rendered":"<p>Julie Berthelsen er en af de f\u00e5 gr\u00f8nlandske sangere, som har form\u00e5et at skabe sig en karriere udenfor Gr\u00f8nland. Hun brugte TV2\u2019s talentshow Popstars som springbr\u00e6t til denne karriere og dette kan selvf\u00f8lgelig ses som en genvej, men det skal samtidig n\u00e6vnes at det er uhyre sj\u00e6ldent at musikere som deltager i denne type konkurrencer [&hellip;]<\/p>\n","protected":false},"author":2,"featured_media":189,"parent":0,"menu_order":0,"comment_status":"open","ping_status":"open","template":"","meta":[],"_links":{"self":[{"href":"https:\/\/greenlandicpopularmusic.com\/en\/wp-json\/wp\/v2\/pages\/186"}],"collection":[{"href":"https:\/\/greenlandicpopularmusic.com\/en\/wp-json\/wp\/v2\/pages"}],"about":[{"href":"https:\/\/greenlandicpopularmusic.com\/en\/wp-json\/wp\/v2\/types\/page"}],"author":[{"embeddable":true,"href":"https:\/\/greenlandicpopularmusic.com\/en\/wp-json\/wp\/v2\/users\/2"}],"replies":[{"embeddable":true,"href":"https:\/\/greenlandicpopularmusic.com\/en\/wp-json\/wp\/v2\/comments?post=186"}],"version-history":[{"count":12,"href":"https:\/\/greenlandicpopularmusic.com\/en\/wp-json\/wp\/v2\/pages\/186\/revisions"}],"predecessor-version":[{"id":188,"href":"https:\/\/greenlandicpopularmusic.com\/en\/wp-json\/wp\/v2\/pages\/186\/revisions\/188"}],"wp:featuredmedia":[{"embeddable":true,"href":"https:\/\/greenlandicpopularmusic.com\/en\/wp-json\/wp\/v2\/media\/189"}],"wp:attachment":[{"href":"https:\/\/greenlandicpopularmusic.com\/en\/wp-json\/wp\/v2\/media?parent=186"}],"curies":[{"name":"wp","href":"https:\/\/api.w.org\/{rel}","templated":true}]}}